{"id":1256,"date":"2024-09-21T17:08:50","date_gmt":"2024-09-21T17:08:50","guid":{"rendered":"http:\/\/atyourservicecars.com\/?page_id=1256"},"modified":"2024-09-21T17:17:22","modified_gmt":"2024-09-21T17:17:22","slug":"visite-agadir","status":"publish","type":"page","link":"https:\/\/atyourservicecars.com\/en\/visite-agadir\/","title":{"rendered":"Visite-Agadir"},"content":{"rendered":"<p>[et_pb_section fb_built=\u00a0\u00bb1&Prime; _builder_version=\u00a0\u00bb4.27.0&Prime; _module_preset=\u00a0\u00bbdefault\u00a0\u00bb global_colors_info=\u00a0\u00bb{}\u00a0\u00bb][et_pb_row _builder_version=\u00a0\u00bb4.27.0&Prime; _module_preset=\u00a0\u00bbdefault\u00a0\u00bb global_colors_info=\u00a0\u00bb{}\u00a0\u00bb][et_pb_column type=\u00a0\u00bb4_4&Prime; _builder_version=\u00a0\u00bb4.27.0&Prime; _module_preset=\u00a0\u00bbdefault\u00a0\u00bb global_colors_info=\u00a0\u00bb{}\u00a0\u00bb][et_pb_text _builder_version=\u00a0\u00bb4.27.0&Prime; _module_preset=\u00a0\u00bbdefault\u00a0\u00bb global_colors_info=\u00a0\u00bb{}\u00a0\u00bb]<\/p>\n<h1 style=\"text-align: center;\"><strong>AGADIR \u2013 UNE DESTINATION INCONTOURNABLE<\/strong><\/h1>\n<p>[\/et_pb_text][\/et_pb_column][\/et_pb_row][et_pb_row _builder_version=\u00a0\u00bb4.27.0&Prime; _module_preset=\u00a0\u00bbdefault\u00a0\u00bb global_colors_info=\u00a0\u00bb{}\u00a0\u00bb custom_padding=\u00a0\u00bb1px|||||\u00a0\u00bb][et_pb_column type=\u00a0\u00bb4_4&Prime; _builder_version=\u00a0\u00bb4.27.0&Prime; _module_preset=\u00a0\u00bbdefault\u00a0\u00bb global_colors_info=\u00a0\u00bb{}\u00a0\u00bb][et_pb_code _builder_version=\u00a0\u00bb4.27.0&Prime; _module_preset=\u00a0\u00bbdefault\u00a0\u00bb hover_enabled=\u00a0\u00bb0&Prime; global_colors_info=\u00a0\u00bb{}\u00a0\u00bb sticky_enabled=\u00a0\u00bb0&Prime;]<\/p>\n<article id=\"post-5766\" class=\"post type-post status-publish\"> <!\u2013- [et_pb_br_holder] -\u2013> <\/p>\n<div class=\"post-image\"><img loading=\"lazy\" decoding=\"async\" class=\"attachment-penci-full-thumb size-penci-full-thumb penci-lazy wp-post-image pc-singlep-img lazyloaded pcloaded\" width=\"1000\" height=\"1494\" src=\"https:\/\/www.visitmorocco.com\/sites\/default\/files\/styles\/thumbnail_events_slider\/public\/thumbnails\/image\/AGADIR-%287%29.jpg?itok=ECYn9u_b\" alt=\"\" title=\"agadir\"><!-- [et_pb_line_break_holder] --><\/div>\n<div class=\"header-standard header-classic single-header\"> <!\u2013- [et_pb_br_holder] -\u2013> <\/div>\n<div class=\"post-entry blockquote-style-1 \">\n<div class=\"inner-post-entry entry-content\" id=\"penci-post-entry-inner\"> <i class=\"penci-post-countview-number-check\" style=\"display:none\">2,4K<\/i> <\/p>\n<h2 class=\"wp-block-heading\">Vous pr\u00e9parez votre prochaine escapade et ne savez pas quoi voir \u00e0 Agadir ? Cette ville c\u00f4ti\u00e8re du sud-ouest du Maroc a gagn\u00e9 en popularit\u00e9 au fil des ans pour devenir l&rsquo;une des destinations de vacances les plus recherch\u00e9es par les touristes nationaux et \u00e9trangers&#8230; et pour de tr\u00e8s bonnes raisons.<\/h2>\n<p><!\u2013- [et_pb_br_holder] -\u2013> <pee>Fond\u00e9e par les Portugais en 1500, Agadir est un joyau d&rsquo;un peu plus de 10 000 habitants qui poss\u00e8de tous les ingr\u00e9dients que toute destination de vacances aimerait avoir : un excellent climat, de belles plages, de bons services et des enclaves qui nous rapprochent du riche patrimoine historique et culturel du Maroc.<\/pee> <pee>Vous voulez en savoir plus ? Eh bien, lisez la suite, car dans l&rsquo;article d&rsquo;aujourd&rsquo;hui, nous vous pr\u00e9sentons notre liste des 7 endroits \u00e0 visiter \u00e0 Agadir. Vous ne manquerez pas de revenir !<\/pee> <!\u2013- [et_pb_br_holder] -\u2013> <\/p>\n<h3>1. Plage d&rsquo;Agadir<\/h3>\n<p> <!-- [et_pb_line_break_holder] -->  <!-- [et_pb_line_break_holder] -->  <img loading=\"lazy\" decoding=\"async\" class=\"attachment-penci-full-thumb size-penci-full-thumb penci-lazy wp-post-image pc-singlep-img lazyloaded pcloaded\" width=\"1000\" height=\"1494\" src=\"https:\/\/media.tacdn.com\/media\/attractions-content--1x-1\/11\/ed\/02\/5f.jpg\" alt=\"\" title=\"agadir\"><!-- [et_pb_line_break_holder] --><!-- [et_pb_line_break_holder] -->  <pee>La plus grande attraction touristique d&rsquo;Agadir est sa splendide plage urbaine, un paradis de sable fin et d&rsquo;eaux chaudes et calmes qui s&rsquo;\u00e9tend sur plus de 12 kilom\u00e8tres.<\/pee> <pee>C&rsquo;est l&rsquo;endroit id\u00e9al pour se d\u00e9tendre au soleil et faire trempette en famille. Des activit\u00e9s que l&rsquo;on peut pratiquer presque toute l&rsquo;ann\u00e9e, gr\u00e2ce au climat magnifique de la ville.<\/pee> <pee>En parlant d&rsquo;activit\u00e9s, la plage est aussi un endroit id\u00e9al pour les amateurs de sport. Vous pouvez donc vous amuser et rencontrer de nouvelles personnes en jouant une partie de football de plage ou tester vos comp\u00e9tences sur une planche de surf dans l&rsquo;une des \u00e9coles de surf.<\/pee>\n<h3>2. Souk El Had<\/h3>\n<p> <!-- [et_pb_line_break_holder] -->  <!-- [et_pb_line_break_holder] -->  <img loading=\"lazy\" decoding=\"async\" class=\"attachment-penci-full-thumb size-penci-full-thumb penci-lazy wp-post-image pc-singlep-img lazyloaded pcloaded\" width=\"1000\" height=\"1494\" src=\"https:\/\/veronikasadventure.com\/wp-content\/uploads\/2024\/02\/agadir-souk-el-had.jpg\" alt=\"\" title=\"agadir\"><!-- [et_pb_line_break_holder] --><!-- [et_pb_line_break_holder] -->  <pee>La deuxi\u00e8me \u00e9tape de notre liste de choses \u00e0 voir \u00e0 Agadir est le souk El Had, le principal march\u00e9 de la ville et l&rsquo;un des plus grands, des plus anim\u00e9s et des plus color\u00e9s du pays.<\/pee> <pee>Situ\u00e9 au centre de la ville, ce souk est un endroit id\u00e9al pour se promener et go\u00fbter au mode de vie local, acheter de jolis souvenirs ou go\u00fbter \u00e0 la d\u00e9licieuse cuisine marocaine sur l&rsquo;un des nombreux \u00e9tals de rue.<\/pee> <pee>D&rsquo;ailleurs, si vous d\u00e9cidez d&rsquo;acheter, soyez pr\u00eat \u00e0 sortir vos meilleurs talents de n\u00e9gociateur, car il n\u2019y a rien de plus normal que de marchander les prix au Maroc.<\/pee>\n<h3>3. La Kasbah d&rsquo;Agadir Oufella<\/h3>\n<p> <!-- [et_pb_line_break_holder] -->  <img loading=\"lazy\" decoding=\"async\" class=\"attachment-penci-full-thumb size-penci-full-thumb penci-lazy wp-post-image pc-singlep-img lazyloaded pcloaded\" width=\"1000\" height=\"1494\" src=\"https:\/\/www.agadir-oufella.ma\/wp-content\/uploads\/2023\/04\/9.jpg\" alt=\"\" title=\"agadir\"><!-- [et_pb_line_break_holder] --><!-- [et_pb_line_break_holder] -->  <!-- [et_pb_line_break_holder] -->  <pee>La Kasbah d&rsquo;Agadir Oufella est un autre de ces lieux \u00e0 visiter \u00e0 Agadir que vous n&rsquo;\u00eates pas pr\u00eat d\u2019oublier.<\/pee> <pee>\u00c9rig\u00e9e au cours du XVIe si\u00e8cle pour se prot\u00e9ger des attaques \u00e9ventuelles de corsaires et d&rsquo;autres ennemis, cet imposant quartier fortifi\u00e9 a \u00e9t\u00e9 gravement endommag\u00e9 par un important tremblement de terre en 1960.<\/pee> <pee>N\u00e9anmoins, la Kasbah m\u00e9rite d&rsquo;\u00eatre visit\u00e9e, ne serait-ce que pour admirer les vues incroyables d&rsquo;Agadir que l&rsquo;on peut voir depuis ses points les plus \u00e9lev\u00e9s&#8230; Profitez-en pour prendre quelques photos !<\/pee>\n<h3>4. La m\u00e9dina d&rsquo;Agadir<\/h3>\n<p> <!-- [et_pb_line_break_holder] -->  <!-- [et_pb_line_break_holder] -->  <img loading=\"lazy\" decoding=\"async\" class=\"attachment-penci-full-thumb size-penci-full-thumb penci-lazy wp-post-image pc-singlep-img lazyloaded pcloaded\" width=\"1000\" height=\"1494\" src=\"https:\/\/explore-agadirsoussmassa.com\/wp-content\/uploads\/2020\/04\/Capture-d%E2%80%99e%CC%81cran-2020-05-20-a%CC%80-11.46.07-min.png\" alt=\"\" title=\"agadir\"><!-- [et_pb_line_break_holder] --><!-- [et_pb_line_break_holder] -->  <pee>La m\u00e9dina d&rsquo;Agadir a \u00e9galement \u00e9t\u00e9 d\u00e9vast\u00e9e par le tremblement de terre qui a ravag\u00e9 la kasbah de la ville, mais comme le quartier fortifi\u00e9, c&rsquo;est une \u00e9tape incontournable de votre voyage.<\/pee> <pee>En effet, la m\u00e9dina a commenc\u00e9 \u00e0 \u00eatre remodel\u00e9e en 1992 \u00e0 l&rsquo;initiative de l&rsquo;architecte italien Coco Polizzi, qui a \u00e9t\u00e9 charg\u00e9 de redonner au quartier toute sa splendeur.<\/pee> <pee>Aujourd&rsquo;hui, la m\u00e9dina (\u00e9galement connue sous le nom de Medina Polizzi, Nouvelle Medina d&rsquo;Agadir ou New Medina of Agadir) est l&rsquo;une des attractions touristiques les plus populaires de la ville, et un lieu incontournable pour tous ceux qui souhaitent admirer la richesse artistique et architecturale du Maroc.<\/pee>\n<h3>5. Mus\u00e9e de la culture amazighe<\/h3>\n<p> <!-- [et_pb_line_break_holder] -->  <!-- [et_pb_line_break_holder] -->  <img loading=\"lazy\" decoding=\"async\" class=\"attachment-penci-full-thumb size-penci-full-thumb penci-lazy wp-post-image pc-singlep-img lazyloaded pcloaded\" width=\"1000\" height=\"1494\" src=\"https:\/\/www.guide-agadir.fr\/wp-content\/uploads\/2020\/02\/musee-municipal-agadir-bijoux-1.jpg\" alt=\"\" title=\"agadir\"><!-- [et_pb_line_break_holder] --><!-- [et_pb_line_break_holder] -->  <!-- [et_pb_line_break_holder] -->  <pee>Le mus\u00e9e de la culture amazighe est un autre des lieux les plus recommand\u00e9s \u00e0 visiter \u00e0 Agadir.<\/pee> <pee>Vous y d\u00e9couvrirez des faits tr\u00e8s int\u00e9ressants sur la culture et le mode de vie des Berb\u00e8res, ainsi que plusieurs objets et pi\u00e8ces d&rsquo;art qui s&rsquo;y rapportent : \u00e9l\u00e9ments d\u00e9coratifs et architecturaux, outils traditionnels, manuscrits&#8230;<\/pee> <pee>L&rsquo;entr\u00e9e est d&rsquo;environ 20 dirhams (environ 2 euros) et le mus\u00e9e est ouvert toute la semaine. Il propose \u00e9galement des visites guid\u00e9es pour enrichir l&rsquo;exp\u00e9rience et des expositions temporaires d&rsquo;art contemporain.<\/pee>\n<h3>6. Vall\u00e9e des Oiseaux et Croco Park<\/h3>\n<p> <img loading=\"lazy\" decoding=\"async\" class=\"attachment-penci-full-thumb size-penci-full-thumb penci-lazy wp-post-image pc-singlep-img lazyloaded pcloaded\" width=\"1000\" height=\"1494\" src=\"https:\/\/ledesk.ma\/wp-content\/uploads\/2022\/08\/Vallee-des-oiseaux.jpeg\" alt=\"\" title=\"agadir\"><!-- [et_pb_line_break_holder] --><pee>Deux lieux incontournables sont \u00e0 la sixi\u00e8me place, avec deux excellentes propositions qui ne laisseront pas indiff\u00e9rents les amoureux de la nature et de la vie sauvage.<\/pee> <pee>Tout d&rsquo;abord, nous avons la Vall\u00e9e des Oiseaux, un parc id\u00e9al pour se reposer, se promener \u00e0 l&rsquo;ombre des arbres et profiter du beau paysage naturel offert par ses lacs, ses cascades et la grande vari\u00e9t\u00e9 d&rsquo;oiseaux et d&rsquo;autres animaux qui peuplent l&rsquo;endroit. Un plan parfait pour les petits de la maison !<\/pee> <pee>Croco Park, quant \u00e0 lui, est un parc \u00e0 th\u00e8me d\u00e9di\u00e9 \u00e0 la conservation des crocodiles et autres reptiles, o\u00f9 les visiteurs peuvent admirer ces grands animaux dans un environnement qui simule fid\u00e8lement leur habitat naturel.<\/pee>\n<h3>7. Corniche et marina d&rsquo;Agadir<\/h3>\n<p><img loading=\"lazy\" decoding=\"async\" class=\"attachment-penci-full-thumb size-penci-full-thumb penci-lazy wp-post-image pc-singlep-img lazyloaded pcloaded\" width=\"1000\" height=\"1494\" src=\"https:\/\/www.jet2holidays.com\/-\/media\/poi\/morocco\/aga0011.jpg?h=500&#038;w=1920&#038;crop=1&#038;hash=A0C6AB3391A449E1A82DDECE3C2362A7\" alt=\"\" title=\"agadir\"><!-- [et_pb_line_break_holder] --> <pee>Les derni\u00e8res choses \u00e0 voir \u00e0 Agadir sont la Corniche et la Marina d&rsquo;Agadir. En d&rsquo;autres termes, la promenade et le port de plaisance de la ville.<\/pee> <pee>Ce sont deux des quartiers les plus anim\u00e9s et les plus cosmopolites d&rsquo;Agadir. Vous ne manquerez donc pas de boutiques, de bars, de caf\u00e9s et de restaurants o\u00f9 vous pourrez vous amuser et d\u00e9guster un bon repas.<\/pee> <pee>Et tout cela avec la brise et les vues magnifiques que la c\u00f4te atlantique a \u00e0 offrir, tout ce dont vous avez besoin pour mettre la touche finale \u00e0 votre escapade !<\/pee> <\/div>\n<\/p><\/div>\n<\/p><\/div>\n<\/p><\/div>\n<\/article>\n<p><!-- [et_pb_line_break_holder] --><!-- [et_pb_line_break_holder] --><!-- [et_pb_line_break_holder] --><!-- [et_pb_line_break_holder] --><!-- [et_pb_line_break_holder] --><!-- [et_pb_line_break_holder] -->[\/et_pb_code][\/et_pb_column][\/et_pb_row][\/et_pb_section]<\/p>\n","protected":false},"excerpt":{"rendered":"<p>AGADIR \u2013 UNE DESTINATION INCONTOURNABLE<\/p>","protected":false},"author":1,"featured_media":0,"parent":0,"menu_order":0,"comment_status":"closed","ping_status":"closed","template":"","meta":{"_et_pb_use_builder":"on","_et_pb_old_content":"","_et_gb_content_width":"","footnotes":""},"class_list":["post-1256","page","type-page","status-publish","hentry"],"aioseo_notices":[],"_links":{"self":[{"href":"https:\/\/atyourservicecars.com\/en\/wp-json\/wp\/v2\/pages\/1256","targetHints":{"allow":["GET"]}}],"collection":[{"href":"https:\/\/atyourservicecars.com\/en\/wp-json\/wp\/v2\/pages"}],"about":[{"href":"https:\/\/atyourservicecars.com\/en\/wp-json\/wp\/v2\/types\/page"}],"author":[{"embeddable":true,"href":"https:\/\/atyourservicecars.com\/en\/wp-json\/wp\/v2\/users\/1"}],"replies":[{"embeddable":true,"href":"https:\/\/atyourservicecars.com\/en\/wp-json\/wp\/v2\/comments?post=1256"}],"version-history":[{"count":3,"href":"https:\/\/atyourservicecars.com\/en\/wp-json\/wp\/v2\/pages\/1256\/revisions"}],"predecessor-version":[{"id":1260,"href":"https:\/\/atyourservicecars.com\/en\/wp-json\/wp\/v2\/pages\/1256\/revisions\/1260"}],"wp:attachment":[{"href":"https:\/\/atyourservicecars.com\/en\/wp-json\/wp\/v2\/media?parent=1256"}],"curies":[{"name":"wp","href":"https:\/\/api.w.org\/{rel}","templated":true}]}}