{"id":1261,"date":"2024-09-21T17:19:22","date_gmt":"2024-09-21T17:19:22","guid":{"rendered":"http:\/\/atyourservicecars.com\/?page_id=1261"},"modified":"2024-09-21T17:19:22","modified_gmt":"2024-09-21T17:19:22","slug":"visite-essaouira","status":"publish","type":"page","link":"https:\/\/atyourservicecars.com\/en\/visite-essaouira\/","title":{"rendered":"Visite-Essaouira"},"content":{"rendered":"<p>[et_pb_section fb_built=\u00a0\u00bb1&Prime; theme_builder_area=\u00a0\u00bbpost_content\u00a0\u00bb _builder_version=\u00a0\u00bb4.27.0&Prime; _module_preset=\u00a0\u00bbdefault\u00a0\u00bb][et_pb_row _builder_version=\u00a0\u00bb4.27.0&Prime; _module_preset=\u00a0\u00bbdefault\u00a0\u00bb theme_builder_area=\u00a0\u00bbpost_content\u00a0\u00bb][et_pb_column _builder_version=\u00a0\u00bb4.27.0&Prime; _module_preset=\u00a0\u00bbdefault\u00a0\u00bb type=\u00a0\u00bb4_4&Prime; theme_builder_area=\u00a0\u00bbpost_content\u00a0\u00bb][et_pb_text _builder_version=\u00a0\u00bb4.27.0&Prime; _module_preset=\u00a0\u00bbdefault\u00a0\u00bb theme_builder_area=\u00a0\u00bbpost_content\u00a0\u00bb hover_enabled=\u00a0\u00bb0&Prime; sticky_enabled=\u00a0\u00bb0&Prime;]<\/p>\n<h1 style=\"text-align: center;\"><strong>Essaouira \u2013 La Perle de l&rsquo;Atlantique<\/strong><\/h1>\n<p>[\/et_pb_text][\/et_pb_column][\/et_pb_row][et_pb_row _builder_version=\u00a0\u00bb4.27.0&Prime; _module_preset=\u00a0\u00bbdefault\u00a0\u00bb theme_builder_area=\u00a0\u00bbpost_content\u00a0\u00bb][et_pb_column _builder_version=\u00a0\u00bb4.27.0&Prime; _module_preset=\u00a0\u00bbdefault\u00a0\u00bb type=\u00a0\u00bb4_4&Prime; theme_builder_area=\u00a0\u00bbpost_content\u00a0\u00bb][et_pb_code _builder_version=\u00a0\u00bb4.27.0&Prime; _module_preset=\u00a0\u00bbdefault\u00a0\u00bb theme_builder_area=\u00a0\u00bbpost_content\u00a0\u00bb hover_enabled=\u00a0\u00bb0&Prime; sticky_enabled=\u00a0\u00bb0&Prime;]<\/p>\n<article id=\"post-5766\" class=\"post type-post status-publish\"><!-- [et_pb_line_break_holder] --><!\u2013- [et_pb_br_holder] -\u2013><!-- [et_pb_line_break_holder] -->  <\/p>\n<div class=\"post-image\"><!-- [et_pb_line_break_holder] -->    <img loading=\"lazy\" decoding=\"async\" class=\"attachment-penci-full-thumb size-penci-full-thumb penci-lazy wp-post-image pc-singlep-img lazyloaded pcloaded\" width=\"1000\" height=\"1494\" src=\"https:\/\/www.frs.es\/fileadmin\/_processed_\/f\/9\/csm__Que_ver_y_hacer_en_Essaouria__9e0c8a77fc.webp\" alt=\"\" title=\"Essaouira\"><!-- [et_pb_line_break_holder] -->  <\/div>\n<p> <!-- [et_pb_line_break_holder] -->  <\/p>\n<div class=\"header-standard header-classic single-header\"> <!\u2013- [et_pb_br_holder] -\u2013> <\/div>\n<p><!-- [et_pb_line_break_holder] -->  <\/p>\n<div class=\"post-entry blockquote-style-1 \"><!-- [et_pb_line_break_holder] -->    <\/p>\n<div class=\"inner-post-entry entry-content\" id=\"penci-post-entry-inner\"><!-- [et_pb_line_break_holder] -->      <i class=\"penci-post-countview-number-check\" style=\"display:none\">2,4K<\/i><!-- [et_pb_line_break_holder] -->      <\/p>\n<h2 class=\"wp-block-heading\">Au c\u0153ur de l&rsquo;Atlantique marocain, Essaouira est l&rsquo;une des villes les plus touristiques du Maroc, c\u00e9l\u00e8bre principalement pour ses plages spectaculaires, son climat agr\u00e9able et la muraille qui la prot\u00e8ge.<\/h2>\n<p><!\u2013- [et_pb_br_holder] -\u2013><!-- [et_pb_line_break_holder] -->      <pee>Avec environ 80 000 habitants et une grande histoire architecturale et culturelle, elle est situ\u00e9e \u00e0 environ 180 km de Marrakech et, bien qu&rsquo;elle ne soit pas l&rsquo;une des plus connues, Essaouira est un excellent choix si vous cherchez une destination baln\u00e9aire pour vos prochaines vacances qui vous permette d&rsquo;innover et de rompre avec les conventions.<\/pee><!-- [et_pb_line_break_holder] -->      <pee>FRS a pr\u00e9par\u00e9 un guide pour vous indiquer ce qu&rsquo;il faut voir et faire \u00e0 Essaouira afin que vous puissiez profiter au maximum de chaque minute dans cette petite ville connue comme la perle de l&rsquo;Atlantique marocain.<\/pee><!-- [et_pb_line_break_holder] --><!-- [et_pb_line_break_holder] -->      <\/p>\n<h3>La M\u00e9dina<\/h3>\n<p><!-- [et_pb_line_break_holder] -->      <img loading=\"lazy\" decoding=\"async\" class=\"attachment-penci-full-thumb size-penci-full-thumb penci-lazy wp-post-image pc-singlep-img lazyloaded pcloaded\" width=\"1000\" height=\"1494\" src=\"https:\/\/www.lavieeco.com\/wp-content\/uploads\/2023\/04\/medina-essaouira.jpg\" alt=\"\" title=\"M\u00e9dina Essaouira\"><!-- [et_pb_line_break_holder] -->      <pee>Class\u00e9e au patrimoine mondial de l&rsquo;UNESCO, la M\u00e9dina d&rsquo;Essaouira est le c\u0153ur historique de la ville, avec ses rues \u00e9troites, ses maisons blanchies \u00e0 la chaux et ses souks color\u00e9s. Ne manquez pas de visiter la place Moulay Hassan pour vivre une exp\u00e9rience culturelle unique.<\/pee><!-- [et_pb_line_break_holder] --><!-- [et_pb_line_break_holder] -->      <\/p>\n<h3>Plages d&rsquo;Essaouira<\/h3>\n<p><!-- [et_pb_line_break_holder] -->      <img loading=\"lazy\" decoding=\"async\" class=\"attachment-penci-full-thumb size-penci-full-thumb penci-lazy wp-post-image pc-singlep-img lazyloaded pcloaded\" width=\"1000\" height=\"1494\" src=\"https:\/\/www.sur-la-plage.com\/images\/photoarticles\/essaouira-2\" alt=\"\" title=\"Plages Essaouira\"><!-- [et_pb_line_break_holder] -->      <pee>Les plages d&rsquo;Essaouira sont parfaites pour se d\u00e9tendre ou pratiquer des sports nautiques comme le kitesurf et le windsurf. Profitez de la proximit\u00e9 de la m\u00e9dina pour savourer un repas en admirant la vue sur l&rsquo;oc\u00e9an Atlantique.<\/pee><!-- [et_pb_line_break_holder] --><!-- [et_pb_line_break_holder] -->      <\/p>\n<h3>Rue Skala<\/h3>\n<p><!-- [et_pb_line_break_holder] -->      <img loading=\"lazy\" decoding=\"async\" class=\"attachment-penci-full-thumb size-penci-full-thumb penci-lazy wp-post-image pc-singlep-img lazyloaded pcloaded\" width=\"1000\" height=\"1494\" src=\"https:\/\/www.e-taqafa.ma\/sites\/default\/files\/field\/image\/couverture\/sqala_1.jpeg\" alt=\"\" title=\"Rue Skala Essaouira\"><!-- [et_pb_line_break_holder] -->      <pee>La Rue Skala, avec ses remparts et ses canons en bronze, offre une vue imprenable sur l&rsquo;oc\u00e9an. La Skala de la Ville et la Skala du Port sont des points incontournables pour d\u00e9couvrir l&rsquo;histoire militaire et les paysages spectaculaires d&rsquo;Essaouira.<\/pee><!-- [et_pb_line_break_holder] --><!-- [et_pb_line_break_holder] -->      <\/p>\n<h3>Port d&rsquo;Essaouira<\/h3>\n<p><!-- [et_pb_line_break_holder] -->      <img loading=\"lazy\" decoding=\"async\" class=\"attachment-penci-full-thumb size-penci-full-thumb penci-lazy wp-post-image pc-singlep-img lazyloaded pcloaded\" width=\"1000\" height=\"1494\" src=\"https:\/\/images.ctfassets.net\/bth3mlrehms2\/39Bdzt3JooG3xkb7ZTCBxr\/af86329b8e029505443c02ececefef46\/Marokko_Essaouira_Hafen.jpg?w=3941&#038;h=2216&#038;fl=progressive&#038;q=50&#038;fm=jpg\" alt=\"\" title=\"Port Essaouira\"><!-- [et_pb_line_break_holder] -->      <pee>Le port d&rsquo;Essaouira est l&rsquo;endroit id\u00e9al pour ressentir l&rsquo;atmosph\u00e8re maritime de la ville. Profitez des fruits de mer frais dans les restaurants locaux et ne manquez pas d&rsquo;observer le coucher du soleil depuis le port anim\u00e9.<\/pee><!-- [et_pb_line_break_holder] --><!-- [et_pb_line_break_holder] -->      <\/p>\n<h3>Quartier juif<\/h3>\n<p><!-- [et_pb_line_break_holder] -->      <img loading=\"lazy\" decoding=\"async\" class=\"attachment-penci-full-thumb size-penci-full-thumb penci-lazy wp-post-image pc-singlep-img lazyloaded pcloaded\" width=\"1000\" height=\"1494\" src=\"https:\/\/geo.img.pmdstatic.net\/scale\/~1~geo~2022~03~25~6b35cf73-a43e-49bb-b7b2-713ace16c3c5.jpeg\/autox450\/quality\/65\/crop-from\/center\/picture.jpeg\" alt=\"\" title=\"Quartier juif Essaouira\"><!-- [et_pb_line_break_holder] -->      <pee>Le quartier juif d&rsquo;Essaouira, avec ses anciennes synagogues et son architecture unique, refl\u00e8te le riche patrimoine multiculturel de la ville. Un incontournable pour d\u00e9couvrir l&rsquo;histoire juive marocaine.<\/pee><!-- [et_pb_line_break_holder] --><!-- [et_pb_line_break_holder] -->    <\/div>\n<p><!-- [et_pb_line_break_holder] -->  <\/div>\n<p><!-- [et_pb_line_break_holder] --><\/article>\n<p><!-- [et_pb_line_break_holder] -->[\/et_pb_code][\/et_pb_column][\/et_pb_row][\/et_pb_section]<\/p>\n","protected":false},"excerpt":{"rendered":"<p>Essaouira \u2013 La Perle de l&rsquo;Atlantique<\/p>","protected":false},"author":1,"featured_media":0,"parent":0,"menu_order":0,"comment_status":"closed","ping_status":"closed","template":"","meta":{"_et_pb_use_builder":"on","_et_pb_old_content":"","_et_gb_content_width":"","footnotes":""},"class_list":["post-1261","page","type-page","status-publish","hentry"],"aioseo_notices":[],"_links":{"self":[{"href":"https:\/\/atyourservicecars.com\/en\/wp-json\/wp\/v2\/pages\/1261","targetHints":{"allow":["GET"]}}],"collection":[{"href":"https:\/\/atyourservicecars.com\/en\/wp-json\/wp\/v2\/pages"}],"about":[{"href":"https:\/\/atyourservicecars.com\/en\/wp-json\/wp\/v2\/types\/page"}],"author":[{"embeddable":true,"href":"https:\/\/atyourservicecars.com\/en\/wp-json\/wp\/v2\/users\/1"}],"replies":[{"embeddable":true,"href":"https:\/\/atyourservicecars.com\/en\/wp-json\/wp\/v2\/comments?post=1261"}],"version-history":[{"count":2,"href":"https:\/\/atyourservicecars.com\/en\/wp-json\/wp\/v2\/pages\/1261\/revisions"}],"predecessor-version":[{"id":1264,"href":"https:\/\/atyourservicecars.com\/en\/wp-json\/wp\/v2\/pages\/1261\/revisions\/1264"}],"wp:attachment":[{"href":"https:\/\/atyourservicecars.com\/en\/wp-json\/wp\/v2\/media?parent=1261"}],"curies":[{"name":"wp","href":"https:\/\/api.w.org\/{rel}","templated":true}]}}