{"id":1265,"date":"2024-09-21T17:30:42","date_gmt":"2024-09-21T17:30:42","guid":{"rendered":"http:\/\/atyourservicecars.com\/?page_id=1265"},"modified":"2024-09-21T17:31:46","modified_gmt":"2024-09-21T17:31:46","slug":"visite-casablanca","status":"publish","type":"page","link":"https:\/\/atyourservicecars.com\/en\/visite-casablanca\/","title":{"rendered":"Visite-Casablanca"},"content":{"rendered":"<p>[et_pb_section fb_built=\u00a0\u00bb1&Prime; theme_builder_area=\u00a0\u00bbpost_content\u00a0\u00bb _builder_version=\u00a0\u00bb4.27.0&Prime; _module_preset=\u00a0\u00bbdefault\u00a0\u00bb][et_pb_row _builder_version=\u00a0\u00bb4.27.0&Prime; _module_preset=\u00a0\u00bbdefault\u00a0\u00bb theme_builder_area=\u00a0\u00bbpost_content\u00a0\u00bb][et_pb_column _builder_version=\u00a0\u00bb4.27.0&Prime; _module_preset=\u00a0\u00bbdefault\u00a0\u00bb type=\u00a0\u00bb4_4&Prime; theme_builder_area=\u00a0\u00bbpost_content\u00a0\u00bb][et_pb_text _builder_version=\u00a0\u00bb4.27.0&Prime; _module_preset=\u00a0\u00bbdefault\u00a0\u00bb theme_builder_area=\u00a0\u00bbpost_content\u00a0\u00bb hover_enabled=\u00a0\u00bb0&Prime; sticky_enabled=\u00a0\u00bb0&Prime;]<\/p>\n<div class=\"flex max-w-full flex-col flex-grow\">\n<div data-message-author-role=\"assistant\" data-message-id=\"f1fad0fb-48b8-448a-acae-b86dde1f8b13\" dir=\"auto\" class=\"min-h-[20px] text-message flex w-full flex-col items-end gap-2 whitespace-normal break-words [.text-message+&amp;]:mt-5\">\n<div class=\"flex w-full flex-col gap-1 empty:hidden first:pt-[3px]\">\n<div class=\"markdown prose w-full break-words dark:prose-invert light\">\n<h1 style=\"text-align: center;\"><strong>Casablanca : D\u00e9couverte des Incontournables de la Ville Blanche<\/strong><\/h1>\n<\/div>\n<\/div>\n<\/div>\n<\/div>\n<p>[\/et_pb_text][\/et_pb_column][\/et_pb_row][et_pb_row _builder_version=\u00a0\u00bb4.27.0&Prime; _module_preset=\u00a0\u00bbdefault\u00a0\u00bb theme_builder_area=\u00a0\u00bbpost_content\u00a0\u00bb][et_pb_column _builder_version=\u00a0\u00bb4.27.0&Prime; _module_preset=\u00a0\u00bbdefault\u00a0\u00bb type=\u00a0\u00bb4_4&Prime; theme_builder_area=\u00a0\u00bbpost_content\u00a0\u00bb][et_pb_code _builder_version=\u00a0\u00bb4.27.0&Prime; _module_preset=\u00a0\u00bbdefault\u00a0\u00bb theme_builder_area=\u00a0\u00bbpost_content\u00a0\u00bb hover_enabled=\u00a0\u00bb0&Prime; sticky_enabled=\u00a0\u00bb0&Prime;]<!-- [et_pb_line_break_holder] --><\/p>\n<article id=\"post-5766\" class=\"post type-post status-publish\"><!\u2013- [et_pb_br_holder] -\u2013> <\/p>\n<div class=\"post-image\"> <img loading=\"lazy\" decoding=\"async\" class=\"attachment-penci-full-thumb size-penci-full-thumb penci-lazy wp-post-image pc-singlep-img lazyloaded pcloaded\" width=\"1000\" height=\"1494\" src=\"https:\/\/upload.wikimedia.org\/wikipedia\/commons\/thumb\/e\/e9\/Downtown%2C_Casablanca.jpg\/1200px-Downtown%2C_Casablanca.jpg\" alt=\"\" title=\"Mosqu\u00e9e Hassan II\"> <\/div>\n<div class=\"header-standard header-classic single-header\"> <!\u2013- [et_pb_br_holder] -\u2013> <\/div>\n<div class=\"post-entry blockquote-style-1 \">\n<div class=\"inner-post-entry entry-content\" id=\"penci-post-entry-inner\"> <i class=\"penci-post-countview-number-check\" style=\"display:none\">2,4K<\/i> <\/p>\n<h2 class=\"wp-block-heading\">Casablanca, porte d\u2019entr\u00e9e principale du Maroc, est la locomotive industrielle et \u00e9conomique du pays. Malgr\u00e9 son ambiance plus moderne que ses voisines Marrakech ou F\u00e8s, la ville offre de nombreuses attractions \u00e0 ne pas manquer.<\/h2>\n<p><!\u2013- [et_pb_br_holder] -\u2013> <pee>D\u00e9couvrez notre guide des incontournables de Casablanca pour vous assurer de profiter pleinement de votre s\u00e9jour dans cette ville vibrante.<\/pee>\n<h3>1. La Mosqu\u00e9e Hassan II<\/h3>\n<p><!-- [et_pb_line_break_holder] -->  <img loading=\"lazy\" decoding=\"async\" class=\"attachment-penci-full-thumb size-penci-full-thumb penci-lazy wp-post-image pc-singlep-img lazyloaded pcloaded\" width=\"1000\" height=\"1494\" src=\"https:\/\/cdn.generationvoyage.fr\/2014\/08\/mosquee-hassan-2-casablanca-maroc.jpg\" alt=\"\" title=\"Mosqu\u00e9e Hassan II Casablanca\"><!-- [et_pb_line_break_holder] -->  <pee>La majestueuse mosqu\u00e9e Hassan II, surplombant l&rsquo;Atlantique, est l\u2019une des plus grandes mosqu\u00e9es au monde. Sa salle de pri\u00e8re peut accueillir 25 000 fid\u00e8les, et son minaret de 201 m\u00e8tres est le plus haut du monde. Les non-musulmans peuvent visiter ce chef-d&rsquo;\u0153uvre de l&rsquo;artisanat marocain lors de visites guid\u00e9es.<\/pee><!-- [et_pb_line_break_holder] --><!-- [et_pb_line_break_holder] -->  <\/p>\n<h3>2. L\u2019ancienne m\u00e9dina<\/h3>\n<p><!-- [et_pb_line_break_holder] -->  <img loading=\"lazy\" decoding=\"async\" class=\"attachment-penci-full-thumb size-penci-full-thumb penci-lazy wp-post-image pc-singlep-img lazyloaded pcloaded\" width=\"1000\" height=\"1494\" src=\"https:\/\/cdn.generationvoyage.fr\/2014\/08\/medina-vieille-ville-casablanca.jpg\" alt=\"\" title=\"Ancienne m\u00e9dina de Casablanca\"><!-- [et_pb_line_break_holder] -->  <pee>Bien que plus petite et moins touristique que celles de F\u00e8s ou Marrakech, l&rsquo;ancienne m\u00e9dina de Casablanca a son propre charme. Promenez-vous dans ses ruelles \u00e9troites pour d\u00e9couvrir des commerces authentiques et une atmosph\u00e8re locale unique.<\/pee><!-- [et_pb_line_break_holder] --><!-- [et_pb_line_break_holder] -->  <\/p>\n<h3>3. La place Mohammed V<\/h3>\n<p><!-- [et_pb_line_break_holder] -->  <img loading=\"lazy\" decoding=\"async\" class=\"attachment-penci-full-thumb size-penci-full-thumb penci-lazy wp-post-image pc-singlep-img lazyloaded pcloaded\" width=\"1000\" height=\"1494\" src=\"https:\/\/cdn.generationvoyage.fr\/2014\/08\/place-mohammed-5-casablanca.jpg\" alt=\"\" title=\"Place Mohammed V Casablanca\"><!-- [et_pb_line_break_holder] -->  <pee>Centre n\u00e9vralgique de Casablanca, la place Mohammed V est bord\u00e9e de magnifiques b\u00e2timents coloniaux fran\u00e7ais. Son impressionnante fontaine et les \u00e9difices tels que le Palais de Justice et le consulat fran\u00e7ais valent le d\u00e9tour.<\/pee><!-- [et_pb_line_break_holder] --><!-- [et_pb_line_break_holder] -->  <\/p>\n<h3>4. La Corniche<\/h3>\n<p><!-- [et_pb_line_break_holder] -->  <img loading=\"lazy\" decoding=\"async\" class=\"attachment-penci-full-thumb size-penci-full-thumb penci-lazy wp-post-image pc-singlep-img lazyloaded pcloaded\" width=\"1000\" height=\"1494\" src=\"https:\/\/cdn.generationvoyage.fr\/2014\/08\/corniche-casablanca-maroc.jpg\" alt=\"\" title=\"Corniche Casablanca\"><!-- [et_pb_line_break_holder] -->  <pee>La Corniche de Casablanca, avec ses h\u00f4tels de luxe et ses restaurants en bord de mer, est id\u00e9ale pour une promenade au coucher du soleil ou pour profiter de la brise marine. C&rsquo;est aussi le centre de la vie nocturne de la ville.<\/pee><!-- [et_pb_line_break_holder] --><!-- [et_pb_line_break_holder] -->  <\/p>\n<h3>5. L\u2019\u00c9glise du Sacr\u00e9-C\u0153ur<\/h3>\n<p><!-- [et_pb_line_break_holder] -->  <img loading=\"lazy\" decoding=\"async\" class=\"attachment-penci-full-thumb size-penci-full-thumb penci-lazy wp-post-image pc-singlep-img lazyloaded pcloaded\" width=\"1000\" height=\"1494\" src=\"https:\/\/cdn.generationvoyage.fr\/2014\/08\/cathedrale-casablanca-sacre-coeur.jpg\" alt=\"\" title=\"\u00c9glise du Sacr\u00e9-C\u0153ur Casablanca\"><!-- [et_pb_line_break_holder] -->  <pee>Construite dans les ann\u00e9es 1930, l\u2019\u00c9glise du Sacr\u00e9-C\u0153ur m\u00e9lange architecture gothique et art d\u00e9co. Bien qu\u2019elle soit aujourd&rsquo;hui \u00e0 l&rsquo;abandon, elle reste un monument impressionnant \u00e0 visiter.<\/pee><!-- [et_pb_line_break_holder] --><!-- [et_pb_line_break_holder] -->  <\/p>\n<h3>6. Les b\u00e2timents art-d\u00e9co<\/h3>\n<p><!-- [et_pb_line_break_holder] -->  <img loading=\"lazy\" decoding=\"async\" class=\"attachment-penci-full-thumb size-penci-full-thumb penci-lazy wp-post-image pc-singlep-img lazyloaded pcloaded\" width=\"1000\" height=\"1494\" src=\"https:\/\/cdn.generationvoyage.fr\/2014\/08\/art-deco-casablanca.jpg\" alt=\"\" title=\"B\u00e2timents art-d\u00e9co Casablanca\"><!-- [et_pb_line_break_holder] -->  <pee>Le centre de Casablanca regorge de magnifiques b\u00e2timents Art d\u00e9co datant des ann\u00e9es 1930. Une promenade \u00e0 partir de la Place des Nations Unies vous permettra d&rsquo;admirer ces tr\u00e9sors architecturaux.<\/pee><!-- [et_pb_line_break_holder] --><!-- [et_pb_line_break_holder] -->  <\/p>\n<h3>7. Le quartier des Habous (nouvelle m\u00e9dina)<\/h3>\n<p><!-- [et_pb_line_break_holder] -->  <img loading=\"lazy\" decoding=\"async\" class=\"attachment-penci-full-thumb size-penci-full-thumb penci-lazy wp-post-image pc-singlep-img lazyloaded pcloaded\" width=\"1000\" height=\"1494\" src=\"https:\/\/cdn.generationvoyage.fr\/2014\/08\/nouvelle-medina-casablanca-quartier-habous.jpg\" alt=\"\" title=\"Quartier des Habous Casablanca\"><!-- [et_pb_line_break_holder] -->  <pee>Cr\u00e9\u00e9 par les Fran\u00e7ais entre 1918 et 1955, le quartier des Habous combine architecture marocaine traditionnelle et modernit\u00e9. C\u2019est un endroit fascinant pour d\u00e9couvrir des march\u00e9s locaux, des boutiques artisanales et le Palais Royal.<\/pee><!-- [et_pb_line_break_holder] --><!-- [et_pb_line_break_holder] -->  <\/p>\n<h3>8. Visitez un hammam<\/h3>\n<p><!-- [et_pb_line_break_holder] -->  <img loading=\"lazy\" decoding=\"async\" class=\"attachment-penci-full-thumb size-penci-full-thumb penci-lazy wp-post-image pc-singlep-img lazyloaded pcloaded\" width=\"1000\" height=\"1494\" src=\"https:\/\/cdn.generationvoyage.fr\/2014\/08\/hammam-ziani-casablanca.jpg\" alt=\"\" title=\"Hammam Ziani Casablanca\"><!-- [et_pb_line_break_holder] -->  <pee>Rien de tel qu&rsquo;une visite au hammam pour se d\u00e9tendre apr\u00e8s une longue journ\u00e9e de visite. Le Hammam Ziani est l&rsquo;un des plus populaires \u00e0 Casablanca, offrant des bains de vapeur traditionnels et des soins de gommage relaxants.<\/pee><!-- [et_pb_line_break_holder] -->  <!-- [et_pb_line_break_holder] --><\/div>\n<p><!-- [et_pb_line_break_holder] --><\/div>\n<\/article>\n<p>[\/et_pb_code][\/et_pb_column][\/et_pb_row][\/et_pb_section]<\/p>\n","protected":false},"excerpt":{"rendered":"<p>Casablanca : D\u00e9couverte des Incontournables de la Ville Blanche<\/p>","protected":false},"author":1,"featured_media":0,"parent":0,"menu_order":0,"comment_status":"closed","ping_status":"closed","template":"","meta":{"_et_pb_use_builder":"on","_et_pb_old_content":"","_et_gb_content_width":"","footnotes":""},"class_list":["post-1265","page","type-page","status-publish","hentry"],"aioseo_notices":[],"_links":{"self":[{"href":"https:\/\/atyourservicecars.com\/en\/wp-json\/wp\/v2\/pages\/1265","targetHints":{"allow":["GET"]}}],"collection":[{"href":"https:\/\/atyourservicecars.com\/en\/wp-json\/wp\/v2\/pages"}],"about":[{"href":"https:\/\/atyourservicecars.com\/en\/wp-json\/wp\/v2\/types\/page"}],"author":[{"embeddable":true,"href":"https:\/\/atyourservicecars.com\/en\/wp-json\/wp\/v2\/users\/1"}],"replies":[{"embeddable":true,"href":"https:\/\/atyourservicecars.com\/en\/wp-json\/wp\/v2\/comments?post=1265"}],"version-history":[{"count":3,"href":"https:\/\/atyourservicecars.com\/en\/wp-json\/wp\/v2\/pages\/1265\/revisions"}],"predecessor-version":[{"id":1268,"href":"https:\/\/atyourservicecars.com\/en\/wp-json\/wp\/v2\/pages\/1265\/revisions\/1268"}],"wp:attachment":[{"href":"https:\/\/atyourservicecars.com\/en\/wp-json\/wp\/v2\/media?parent=1265"}],"curies":[{"name":"wp","href":"https:\/\/api.w.org\/{rel}","templated":true}]}}